{"id":19604,"date":"2019-07-04T11:19:31","date_gmt":"2019-07-04T11:19:31","guid":{"rendered":"http:\/\/www.gulseli.com.tr\/?page_id=19604"},"modified":"2023-08-15T10:16:25","modified_gmt":"2023-08-15T10:16:25","slug":"hakkimizda","status":"publish","type":"page","link":"https:\/\/www.gulseli.com.tr\/en\/hakkimizda\/","title":{"rendered":"About Us"},"content":{"rendered":"<div  data-delay=\"0\" data-vc-full-width=\"true\" data-vc-full-width-init=\"false\" data-vc-stretch-content=\"true\" class=\"vc_row wpb_row vc_row-fluid vc_column-gap-35 vc_row-o-full-height vc_row-o-columns-top vc_row-o-equal-height vc_row-o-content-middle vc_row-flex\"><div class=\"wpb_column vc_column_container vc_col-sm-6\" data-delay=\"0\"><div class=\"vc_column-inner\"><div class=\"wpb_wrapper\"><div id=\"1579600257407-a2552c81-16b8\" class=\"dt-sc-empty-space\"><\/div>\n\t<div class=\"wpb_text_column wpb_content_element\" >\n\t\t<div class=\"wpb_wrapper\">\n\t\t\t<h4><strong>G\u00fclseli Temizlik \u00dcr\u00fcnleri Sanayi ve Ticaret A.\u015e. \u0131slak mendil \u00fcretimi yapmak amac\u0131yla 2012 y\u0131l\u0131nda kurulmu\u015ftur. \u00dcretimini \u0130zmir Pancar Organize Sanayi B\u00f6lgesi\u2019ndeki fabrikas\u0131nda ger\u00e7ekle\u015ftiren \u015firketimiz, y\u00fcksek teknolojiye sahip \u00fcretim hatlar\u0131 ile g\u00fcnl\u00fck 80.000 paket \u00fcretim kapasitesine sahiptir.<\/strong><\/h4>\n<h4><\/h4>\n<h4><strong>\u015eirketimiz portf\u00f6y\u00fcnde bulunan Miray Life, Rosalina ve Whitney markalar\u0131 ile yurt i\u00e7i ve yurt d\u0131\u015f\u0131nda faaliyet g\u00f6stermektedir. Ayr\u0131ca bir\u00e7ok global markaya \u00f6zel markal\u0131 \u00fcretim konusunda hizmet vermektedir.<\/strong><\/h4>\n<h4><\/h4>\n<h4><strong>\u00dcr\u00fcn portf\u00f6y\u00fcm\u00fczde genel kullan\u0131m i\u00e7in \u0131slak mendiller, bebek \u0131slak mendilleri, silindir kutu mendiller, a\u011f\u0131r kir temizleme mendilleri, b\u00fcy\u00fck boyutlu y\u00fczey temizleme ve v\u00fccut temizleme havlular\u0131 bulunmaktad\u0131r.<\/strong><\/h4>\n<h4><\/h4>\n<h4><strong>Islak mendil sekt\u00f6r\u00fcnde tecr\u00fcbesi, kalite standartlar\u0131 ve m\u00fc\u015fteri odakl\u0131 \u00e7al\u0131\u015fma anlay\u0131\u015f\u0131 ile yenilik\u00e7i \u00e7\u00f6z\u00fcmler \u00fcreten \u015firketimiz 2023 y\u0131l\u0131nda kendi markalar\u0131 ve \u00f6zel markal\u0131 \u00fcr\u00fcnleriyle be\u015f k\u0131taya ihracat yapmaktad\u0131r.<\/strong><\/h4>\n\n\t\t<\/div>\n\t<\/div>\n<\/div><\/div><\/div><div class=\"wpb_column vc_column_container vc_col-sm-6\" data-delay=\"0\"><div class=\"vc_column-inner\"><div class=\"wpb_wrapper\"><div class=\"dt-sc-images-wrapper\" data-delay=\"0\"><ul class='dt-sc-images-carousel'><li><img loading=\"lazy\" decoding=\"async\" width=\"2560\" height=\"1920\" src=\"https:\/\/www.gulseli.com.tr\/wp-content\/uploads\/2022\/09\/1613397557174-scaled.jpg\" class=\"attachment-full\" alt=\"\" srcset=\"https:\/\/www.gulseli.com.tr\/wp-content\/uploads\/2022\/09\/1613397557174-scaled.jpg 2560w, https:\/\/www.gulseli.com.tr\/wp-content\/uploads\/2022\/09\/1613397557174-300x225.jpg 300w, https:\/\/www.gulseli.com.tr\/wp-content\/uploads\/2022\/09\/1613397557174-1024x768.jpg 1024w, https:\/\/www.gulseli.com.tr\/wp-content\/uploads\/2022\/09\/1613397557174-768x576.jpg 768w, https:\/\/www.gulseli.com.tr\/wp-content\/uploads\/2022\/09\/1613397557174-1536x1152.jpg 1536w, https:\/\/www.gulseli.com.tr\/wp-content\/uploads\/2022\/09\/1613397557174-2048x1536.jpg 2048w, https:\/\/www.gulseli.com.tr\/wp-content\/uploads\/2022\/09\/1613397557174-16x12.jpg 16w, https:\/\/www.gulseli.com.tr\/wp-content\/uploads\/2022\/09\/1613397557174-750x563.jpg 750w, https:\/\/www.gulseli.com.tr\/wp-content\/uploads\/2022\/09\/1613397557174-540x405.jpg 540w\" sizes=\"auto, (max-width: 2560px) 100vw, 2560px\" \/><\/li><li><img loading=\"lazy\" decoding=\"async\" width=\"1600\" height=\"1197\" src=\"https:\/\/www.gulseli.com.tr\/wp-content\/uploads\/2022\/09\/WhatsApp-Image-2021-03-15-at-14.53.28.jpeg\" class=\"attachment-full\" alt=\"\" srcset=\"https:\/\/www.gulseli.com.tr\/wp-content\/uploads\/2022\/09\/WhatsApp-Image-2021-03-15-at-14.53.28.jpeg 1600w, https:\/\/www.gulseli.com.tr\/wp-content\/uploads\/2022\/09\/WhatsApp-Image-2021-03-15-at-14.53.28-300x224.jpeg 300w, https:\/\/www.gulseli.com.tr\/wp-content\/uploads\/2022\/09\/WhatsApp-Image-2021-03-15-at-14.53.28-1024x766.jpeg 1024w, https:\/\/www.gulseli.com.tr\/wp-content\/uploads\/2022\/09\/WhatsApp-Image-2021-03-15-at-14.53.28-768x575.jpeg 768w, https:\/\/www.gulseli.com.tr\/wp-content\/uploads\/2022\/09\/WhatsApp-Image-2021-03-15-at-14.53.28-1536x1149.jpeg 1536w, https:\/\/www.gulseli.com.tr\/wp-content\/uploads\/2022\/09\/WhatsApp-Image-2021-03-15-at-14.53.28-16x12.jpeg 16w, https:\/\/www.gulseli.com.tr\/wp-content\/uploads\/2022\/09\/WhatsApp-Image-2021-03-15-at-14.53.28-750x561.jpeg 750w, https:\/\/www.gulseli.com.tr\/wp-content\/uploads\/2022\/09\/WhatsApp-Image-2021-03-15-at-14.53.28-540x404.jpeg 540w\" sizes=\"auto, (max-width: 1600px) 100vw, 1600px\" \/><\/li><li><img loading=\"lazy\" decoding=\"async\" width=\"1600\" height=\"1197\" src=\"https:\/\/www.gulseli.com.tr\/wp-content\/uploads\/2022\/09\/WhatsApp-Image-2021-03-15-at-14.53.28-1.jpeg\" class=\"attachment-full\" alt=\"\" srcset=\"https:\/\/www.gulseli.com.tr\/wp-content\/uploads\/2022\/09\/WhatsApp-Image-2021-03-15-at-14.53.28-1.jpeg 1600w, https:\/\/www.gulseli.com.tr\/wp-content\/uploads\/2022\/09\/WhatsApp-Image-2021-03-15-at-14.53.28-1-300x224.jpeg 300w, https:\/\/www.gulseli.com.tr\/wp-content\/uploads\/2022\/09\/WhatsApp-Image-2021-03-15-at-14.53.28-1-1024x766.jpeg 1024w, https:\/\/www.gulseli.com.tr\/wp-content\/uploads\/2022\/09\/WhatsApp-Image-2021-03-15-at-14.53.28-1-768x575.jpeg 768w, https:\/\/www.gulseli.com.tr\/wp-content\/uploads\/2022\/09\/WhatsApp-Image-2021-03-15-at-14.53.28-1-1536x1149.jpeg 1536w, https:\/\/www.gulseli.com.tr\/wp-content\/uploads\/2022\/09\/WhatsApp-Image-2021-03-15-at-14.53.28-1-16x12.jpeg 16w, https:\/\/www.gulseli.com.tr\/wp-content\/uploads\/2022\/09\/WhatsApp-Image-2021-03-15-at-14.53.28-1-750x561.jpeg 750w, https:\/\/www.gulseli.com.tr\/wp-content\/uploads\/2022\/09\/WhatsApp-Image-2021-03-15-at-14.53.28-1-540x404.jpeg 540w\" sizes=\"auto, (max-width: 1600px) 100vw, 1600px\" \/><\/li><li><img loading=\"lazy\" decoding=\"async\" width=\"1197\" height=\"1600\" src=\"https:\/\/www.gulseli.com.tr\/wp-content\/uploads\/2022\/09\/WhatsApp-Image-2021-03-15-at-14.53.27.jpeg\" class=\"attachment-full\" alt=\"\" srcset=\"https:\/\/www.gulseli.com.tr\/wp-content\/uploads\/2022\/09\/WhatsApp-Image-2021-03-15-at-14.53.27.jpeg 1197w, https:\/\/www.gulseli.com.tr\/wp-content\/uploads\/2022\/09\/WhatsApp-Image-2021-03-15-at-14.53.27-224x300.jpeg 224w, https:\/\/www.gulseli.com.tr\/wp-content\/uploads\/2022\/09\/WhatsApp-Image-2021-03-15-at-14.53.27-766x1024.jpeg 766w, https:\/\/www.gulseli.com.tr\/wp-content\/uploads\/2022\/09\/WhatsApp-Image-2021-03-15-at-14.53.27-768x1027.jpeg 768w, https:\/\/www.gulseli.com.tr\/wp-content\/uploads\/2022\/09\/WhatsApp-Image-2021-03-15-at-14.53.27-1149x1536.jpeg 1149w, https:\/\/www.gulseli.com.tr\/wp-content\/uploads\/2022\/09\/WhatsApp-Image-2021-03-15-at-14.53.27-9x12.jpeg 9w, https:\/\/www.gulseli.com.tr\/wp-content\/uploads\/2022\/09\/WhatsApp-Image-2021-03-15-at-14.53.27-750x1003.jpeg 750w, https:\/\/www.gulseli.com.tr\/wp-content\/uploads\/2022\/09\/WhatsApp-Image-2021-03-15-at-14.53.27-540x722.jpeg 540w\" sizes=\"auto, (max-width: 1197px) 100vw, 1197px\" \/><\/li><li><img loading=\"lazy\" decoding=\"async\" width=\"1600\" height=\"1197\" src=\"https:\/\/www.gulseli.com.tr\/wp-content\/uploads\/2022\/09\/WhatsApp-Image-2021-03-15-at-14.53.27-3.jpeg\" class=\"attachment-full\" alt=\"\" srcset=\"https:\/\/www.gulseli.com.tr\/wp-content\/uploads\/2022\/09\/WhatsApp-Image-2021-03-15-at-14.53.27-3.jpeg 1600w, https:\/\/www.gulseli.com.tr\/wp-content\/uploads\/2022\/09\/WhatsApp-Image-2021-03-15-at-14.53.27-3-300x224.jpeg 300w, https:\/\/www.gulseli.com.tr\/wp-content\/uploads\/2022\/09\/WhatsApp-Image-2021-03-15-at-14.53.27-3-1024x766.jpeg 1024w, https:\/\/www.gulseli.com.tr\/wp-content\/uploads\/2022\/09\/WhatsApp-Image-2021-03-15-at-14.53.27-3-768x575.jpeg 768w, https:\/\/www.gulseli.com.tr\/wp-content\/uploads\/2022\/09\/WhatsApp-Image-2021-03-15-at-14.53.27-3-1536x1149.jpeg 1536w, https:\/\/www.gulseli.com.tr\/wp-content\/uploads\/2022\/09\/WhatsApp-Image-2021-03-15-at-14.53.27-3-16x12.jpeg 16w, https:\/\/www.gulseli.com.tr\/wp-content\/uploads\/2022\/09\/WhatsApp-Image-2021-03-15-at-14.53.27-3-750x561.jpeg 750w, https:\/\/www.gulseli.com.tr\/wp-content\/uploads\/2022\/09\/WhatsApp-Image-2021-03-15-at-14.53.27-3-540x404.jpeg 540w\" sizes=\"auto, (max-width: 1600px) 100vw, 1600px\" \/><\/li><li><img loading=\"lazy\" decoding=\"async\" width=\"1600\" height=\"1197\" src=\"https:\/\/www.gulseli.com.tr\/wp-content\/uploads\/2022\/09\/WhatsApp-Image-2021-03-15-at-14.53.27-2.jpeg\" class=\"attachment-full\" alt=\"\" srcset=\"https:\/\/www.gulseli.com.tr\/wp-content\/uploads\/2022\/09\/WhatsApp-Image-2021-03-15-at-14.53.27-2.jpeg 1600w, https:\/\/www.gulseli.com.tr\/wp-content\/uploads\/2022\/09\/WhatsApp-Image-2021-03-15-at-14.53.27-2-300x224.jpeg 300w, https:\/\/www.gulseli.com.tr\/wp-content\/uploads\/2022\/09\/WhatsApp-Image-2021-03-15-at-14.53.27-2-1024x766.jpeg 1024w, https:\/\/www.gulseli.com.tr\/wp-content\/uploads\/2022\/09\/WhatsApp-Image-2021-03-15-at-14.53.27-2-768x575.jpeg 768w, https:\/\/www.gulseli.com.tr\/wp-content\/uploads\/2022\/09\/WhatsApp-Image-2021-03-15-at-14.53.27-2-1536x1149.jpeg 1536w, https:\/\/www.gulseli.com.tr\/wp-content\/uploads\/2022\/09\/WhatsApp-Image-2021-03-15-at-14.53.27-2-16x12.jpeg 16w, https:\/\/www.gulseli.com.tr\/wp-content\/uploads\/2022\/09\/WhatsApp-Image-2021-03-15-at-14.53.27-2-750x561.jpeg 750w, https:\/\/www.gulseli.com.tr\/wp-content\/uploads\/2022\/09\/WhatsApp-Image-2021-03-15-at-14.53.27-2-540x404.jpeg 540w\" sizes=\"auto, (max-width: 1600px) 100vw, 1600px\" \/><\/li><\/ul><div class=\"carousel-arrows\"><a href=\"JavaScript:void(0);\" class=\"images-prev\"> <\/a><a href=\"JavaScript:void(0);\" class=\"images-next\"> <\/a><\/div><\/div><\/div><\/div><\/div><\/div><div class=\"vc_row-full-width vc_clearfix\"><\/div><div  data-delay=\"0\" class=\"vc_row wpb_row vc_row-fluid\"><div class=\"rs_col-sm-12 wpb_column vc_column_container vc_col-sm-12\" data-delay=\"0\"><div class=\"vc_column-inner\" style=\" text-align:center; \"><div class=\"wpb_wrapper\"><div id=\"1579670503555-f49c718d-6a27\" class=\"dt-sc-empty-space\"><\/div>\n\t<div class=\"wpb_video_widget wpb_content_element vc_clearfix   vc_video-aspect-ratio-169 vc_video-el-width-100 vc_video-align-left\" >\n\t\t<div class=\"wpb_wrapper\">\n\t\t\t\n\t\t\t<div class=\"wpb_video_wrapper\"><iframe loading=\"lazy\" title=\"G\u00fclseli Temizlik \u00dcr\u00fcnleri \u00dcretim Tesisi\" width=\"1170\" height=\"658\" src=\"https:\/\/www.youtube.com\/embed\/FTE4cnbfEEY?feature=oembed\" frameborder=\"0\" allow=\"accelerometer; autoplay; clipboard-write; encrypted-media; gyroscope; picture-in-picture\" allowfullscreen><\/iframe><\/div>\n\t\t<\/div>\n\t<\/div>\n<div id=\"1562759819795-dd59bf9d-6c89\" class=\"dt-sc-empty-space\"><\/div><\/div><\/div><\/div><\/div>","protected":false},"excerpt":{"rendered":"G\u00fclseli Temizlik \u00dcr\u00fcnleri Sanayi ve Ticaret A.\u015e. \u0131slak mendil \u00fcretimi yapmak amac\u0131yla 2012 y\u0131l\u0131nda kurulmu\u015ftur. \u00dcretimini \u0130zmir Pancar Organize Sanayi B\u00f6lgesi\u2019ndeki fabrikas\u0131nda ger\u00e7ekle\u015ftiren \u015firketimiz, y\u00fcksek teknolojiye sahip \u00fcretim hatlar\u0131 ile g\u00fcnl\u00fck 80.000 paket \u00fcretim kapasitesine sahiptir. \u015eirketimiz portf\u00f6y\u00fcnde bulunan Miray Life, Rosalina ve Whitney markalar\u0131 ile yurt i\u00e7i ve yurt d\u0131\u015f\u0131nda faaliyet g\u00f6stermektedir. Ayr\u0131ca bir\u00e7ok [...]","protected":false},"author":1,"featured_media":0,"parent":0,"menu_order":0,"comment_status":"closed","ping_status":"closed","template":"","meta":{"footnotes":""},"class_list":["post-19604","page","type-page","status-publish","hentry"],"yoast_head":"<!-- This site is optimized with the Yoast SEO plugin v21.7 - https:\/\/yoast.com\/wordpress\/plugins\/seo\/ -->\n<title>Hakk\u0131m\u0131zda - G&uuml;lseli Temizlik &Uuml;r&uuml;nleri A.\u015e.<\/title>\n<meta name=\"description\" content=\"2012 y\u0131l\u0131nda kurulmu\u015f olan G\u00fclseli Temizlik \u00dcr\u00fcnleri, son teknoloji \u00fcretim hatlar\u0131 ile d\u00fcnya standartlar\u0131nda \u0131slak mendil \u00fcretmektedir.\" \/>\n<meta name=\"robots\" content=\"index, follow, max-snippet:-1, max-image-preview:large, max-video-preview:-1\" \/>\n<link rel=\"canonical\" href=\"https:\/\/www.gulseli.com.tr\/en\/hakkimizda\/\" \/>\n<meta property=\"og:locale\" content=\"en_US\" \/>\n<meta property=\"og:type\" content=\"article\" \/>\n<meta property=\"og:title\" content=\"Hakk\u0131m\u0131zda - G&uuml;lseli Temizlik &Uuml;r&uuml;nleri A.\u015e.\" \/>\n<meta property=\"og:description\" content=\"2012 y\u0131l\u0131nda kurulmu\u015f olan G\u00fclseli Temizlik \u00dcr\u00fcnleri, son teknoloji \u00fcretim hatlar\u0131 ile d\u00fcnya standartlar\u0131nda \u0131slak mendil \u00fcretmektedir.\" \/>\n<meta property=\"og:url\" content=\"https:\/\/www.gulseli.com.tr\/en\/hakkimizda\/\" \/>\n<meta property=\"og:site_name\" content=\"G&uuml;lseli Temizlik &Uuml;r&uuml;nleri A.\u015e.\" \/>\n<meta property=\"article:modified_time\" content=\"2023-08-15T10:16:25+00:00\" \/>\n<meta name=\"twitter:card\" content=\"summary_large_image\" \/>\n<meta name=\"twitter:label1\" content=\"Est. reading time\" \/>\n\t<meta name=\"twitter:data1\" content=\"1 minute\" \/>\n<script type=\"application\/ld+json\" class=\"yoast-schema-graph\">{\"@context\":\"https:\/\/schema.org\",\"@graph\":[{\"@type\":\"WebPage\",\"@id\":\"https:\/\/www.gulseli.com.tr\/en\/hakkimizda\/\",\"url\":\"https:\/\/www.gulseli.com.tr\/en\/hakkimizda\/\",\"name\":\"Hakk\u0131m\u0131zda - G&uuml;lseli Temizlik &Uuml;r&uuml;nleri A.\u015e.\",\"isPartOf\":{\"@id\":\"https:\/\/www.gulseli.com.tr\/#website\"},\"datePublished\":\"2019-07-04T11:19:31+00:00\",\"dateModified\":\"2023-08-15T10:16:25+00:00\",\"description\":\"2012 y\u0131l\u0131nda kurulmu\u015f olan G\u00fclseli Temizlik \u00dcr\u00fcnleri, son teknoloji \u00fcretim hatlar\u0131 ile d\u00fcnya standartlar\u0131nda \u0131slak mendil \u00fcretmektedir.\",\"breadcrumb\":{\"@id\":\"https:\/\/www.gulseli.com.tr\/en\/hakkimizda\/#breadcrumb\"},\"inLanguage\":\"en-US\",\"potentialAction\":[{\"@type\":\"ReadAction\",\"target\":[\"https:\/\/www.gulseli.com.tr\/en\/hakkimizda\/\"]}]},{\"@type\":\"BreadcrumbList\",\"@id\":\"https:\/\/www.gulseli.com.tr\/en\/hakkimizda\/#breadcrumb\",\"itemListElement\":[{\"@type\":\"ListItem\",\"position\":1,\"name\":\"Ana sayfa\",\"item\":\"https:\/\/www.gulseli.com.tr\/\"},{\"@type\":\"ListItem\",\"position\":2,\"name\":\"Hakk\u0131m\u0131zda\"}]},{\"@type\":\"WebSite\",\"@id\":\"https:\/\/www.gulseli.com.tr\/#website\",\"url\":\"https:\/\/www.gulseli.com.tr\/\",\"name\":\"G\u00fclseli Temizlik \u00dcr\u00fcnleri A.\u015e\",\"description\":\"\",\"publisher\":{\"@id\":\"https:\/\/www.gulseli.com.tr\/#organization\"},\"potentialAction\":[{\"@type\":\"SearchAction\",\"target\":{\"@type\":\"EntryPoint\",\"urlTemplate\":\"https:\/\/www.gulseli.com.tr\/?s={search_term_string}\"},\"query-input\":\"required name=search_term_string\"}],\"inLanguage\":\"en-US\"},{\"@type\":\"Organization\",\"@id\":\"https:\/\/www.gulseli.com.tr\/#organization\",\"name\":\"G\u00fclseli Temizlik \u00dcr\u00fcnleri A.\u015e\",\"url\":\"https:\/\/www.gulseli.com.tr\/\",\"logo\":{\"@type\":\"ImageObject\",\"inLanguage\":\"en-US\",\"@id\":\"https:\/\/www.gulseli.com.tr\/#\/schema\/logo\/image\/\",\"url\":\"https:\/\/www.gulseli.com.tr\/wp-content\/uploads\/2021\/01\/WhatsApp-Image-2020-11-30-at-12.23.22.jpeg\",\"contentUrl\":\"https:\/\/www.gulseli.com.tr\/wp-content\/uploads\/2021\/01\/WhatsApp-Image-2020-11-30-at-12.23.22.jpeg\",\"width\":916,\"height\":521,\"caption\":\"G\u00fclseli Temizlik \u00dcr\u00fcnleri A.\u015e\"},\"image\":{\"@id\":\"https:\/\/www.gulseli.com.tr\/#\/schema\/logo\/image\/\"},\"sameAs\":[\"https:\/\/www.linkedin.com\/company\/g\u00fclseli-temizlik-\u00fcr\u00fcnleri-san-ve-tic-a-\u015f\/?viewAsMember=true\"]}]}<\/script>\n<!-- \/ Yoast SEO plugin. -->","yoast_head_json":{"title":"Hakk\u0131m\u0131zda - G&uuml;lseli Temizlik &Uuml;r&uuml;nleri A.\u015e.","description":"2012 y\u0131l\u0131nda kurulmu\u015f olan G\u00fclseli Temizlik \u00dcr\u00fcnleri, son teknoloji \u00fcretim hatlar\u0131 ile d\u00fcnya standartlar\u0131nda \u0131slak mendil \u00fcretmektedir.","robots":{"index":"index","follow":"follow","max-snippet":"max-snippet:-1","max-image-preview":"max-image-preview:large","max-video-preview":"max-video-preview:-1"},"canonical":"https:\/\/www.gulseli.com.tr\/en\/hakkimizda\/","og_locale":"en_US","og_type":"article","og_title":"Hakk\u0131m\u0131zda - G&uuml;lseli Temizlik &Uuml;r&uuml;nleri A.\u015e.","og_description":"2012 y\u0131l\u0131nda kurulmu\u015f olan G\u00fclseli Temizlik \u00dcr\u00fcnleri, son teknoloji \u00fcretim hatlar\u0131 ile d\u00fcnya standartlar\u0131nda \u0131slak mendil \u00fcretmektedir.","og_url":"https:\/\/www.gulseli.com.tr\/en\/hakkimizda\/","og_site_name":"G&uuml;lseli Temizlik &Uuml;r&uuml;nleri A.\u015e.","article_modified_time":"2023-08-15T10:16:25+00:00","twitter_card":"summary_large_image","twitter_misc":{"Est. reading time":"1 minute"},"schema":{"@context":"https:\/\/schema.org","@graph":[{"@type":"WebPage","@id":"https:\/\/www.gulseli.com.tr\/en\/hakkimizda\/","url":"https:\/\/www.gulseli.com.tr\/en\/hakkimizda\/","name":"Hakk\u0131m\u0131zda - G&uuml;lseli Temizlik &Uuml;r&uuml;nleri A.\u015e.","isPartOf":{"@id":"https:\/\/www.gulseli.com.tr\/#website"},"datePublished":"2019-07-04T11:19:31+00:00","dateModified":"2023-08-15T10:16:25+00:00","description":"2012 y\u0131l\u0131nda kurulmu\u015f olan G\u00fclseli Temizlik \u00dcr\u00fcnleri, son teknoloji \u00fcretim hatlar\u0131 ile d\u00fcnya standartlar\u0131nda \u0131slak mendil \u00fcretmektedir.","breadcrumb":{"@id":"https:\/\/www.gulseli.com.tr\/en\/hakkimizda\/#breadcrumb"},"inLanguage":"en-US","potentialAction":[{"@type":"ReadAction","target":["https:\/\/www.gulseli.com.tr\/en\/hakkimizda\/"]}]},{"@type":"BreadcrumbList","@id":"https:\/\/www.gulseli.com.tr\/en\/hakkimizda\/#breadcrumb","itemListElement":[{"@type":"ListItem","position":1,"name":"Ana sayfa","item":"https:\/\/www.gulseli.com.tr\/"},{"@type":"ListItem","position":2,"name":"Hakk\u0131m\u0131zda"}]},{"@type":"WebSite","@id":"https:\/\/www.gulseli.com.tr\/#website","url":"https:\/\/www.gulseli.com.tr\/","name":"G\u00fclseli Temizlik \u00dcr\u00fcnleri A.\u015e","description":"","publisher":{"@id":"https:\/\/www.gulseli.com.tr\/#organization"},"potentialAction":[{"@type":"SearchAction","target":{"@type":"EntryPoint","urlTemplate":"https:\/\/www.gulseli.com.tr\/?s={search_term_string}"},"query-input":"required name=search_term_string"}],"inLanguage":"en-US"},{"@type":"Organization","@id":"https:\/\/www.gulseli.com.tr\/#organization","name":"G\u00fclseli Temizlik \u00dcr\u00fcnleri A.\u015e","url":"https:\/\/www.gulseli.com.tr\/","logo":{"@type":"ImageObject","inLanguage":"en-US","@id":"https:\/\/www.gulseli.com.tr\/#\/schema\/logo\/image\/","url":"https:\/\/www.gulseli.com.tr\/wp-content\/uploads\/2021\/01\/WhatsApp-Image-2020-11-30-at-12.23.22.jpeg","contentUrl":"https:\/\/www.gulseli.com.tr\/wp-content\/uploads\/2021\/01\/WhatsApp-Image-2020-11-30-at-12.23.22.jpeg","width":916,"height":521,"caption":"G\u00fclseli Temizlik \u00dcr\u00fcnleri A.\u015e"},"image":{"@id":"https:\/\/www.gulseli.com.tr\/#\/schema\/logo\/image\/"},"sameAs":["https:\/\/www.linkedin.com\/company\/g\u00fclseli-temizlik-\u00fcr\u00fcnleri-san-ve-tic-a-\u015f\/?viewAsMember=true"]}]}},"_links":{"self":[{"href":"https:\/\/www.gulseli.com.tr\/en\/wp-json\/wp\/v2\/pages\/19604","targetHints":{"allow":["GET"]}}],"collection":[{"href":"https:\/\/www.gulseli.com.tr\/en\/wp-json\/wp\/v2\/pages"}],"about":[{"href":"https:\/\/www.gulseli.com.tr\/en\/wp-json\/wp\/v2\/types\/page"}],"author":[{"embeddable":true,"href":"https:\/\/www.gulseli.com.tr\/en\/wp-json\/wp\/v2\/users\/1"}],"replies":[{"embeddable":true,"href":"https:\/\/www.gulseli.com.tr\/en\/wp-json\/wp\/v2\/comments?post=19604"}],"version-history":[{"count":77,"href":"https:\/\/www.gulseli.com.tr\/en\/wp-json\/wp\/v2\/pages\/19604\/revisions"}],"predecessor-version":[{"id":22383,"href":"https:\/\/www.gulseli.com.tr\/en\/wp-json\/wp\/v2\/pages\/19604\/revisions\/22383"}],"wp:attachment":[{"href":"https:\/\/www.gulseli.com.tr\/en\/wp-json\/wp\/v2\/media?parent=19604"}],"curies":[{"name":"wp","href":"https:\/\/api.w.org\/{rel}","templated":true}]}}