{"id":21666,"date":"2020-11-24T11:37:57","date_gmt":"2020-11-24T11:37:57","guid":{"rendered":"http:\/\/www.gulseli.com.tr\/?page_id=21666"},"modified":"2023-08-15T09:17:46","modified_gmt":"2023-08-15T09:17:46","slug":"rosalina","status":"publish","type":"page","link":"https:\/\/www.gulseli.com.tr\/en\/rosalina\/","title":{"rendered":"Rosalina"},"content":{"rendered":"<div  data-delay=\"0\" class=\"vc_row wpb_row vc_row-fluid\"><div class=\"wpb_column vc_column_container vc_col-sm-12\" data-delay=\"0\"><div class=\"vc_column-inner\"><div class=\"wpb_wrapper\"><h2 style=\"text-align: left;font-family:Abril Fatface;font-weight:400;font-style:normal\" class=\"vc_custom_heading\" >Rosalina<\/h2>\n\t<div class=\"wpb_text_column wpb_content_element\" >\n\t\t<div class=\"wpb_wrapper\">\n\t\t\t<h5>Rosalina Wet Towel helps to cleanse and moisturize your skin.With its refreshing scented formula and soft texture, you can safely use it in your daily life, wherever you need it.<\/h5>\n\n\t\t<\/div>\n\t<\/div>\n\n\t<div  class=\"wpb_single_image wpb_content_element vc_align_center\">\n\t\t\n\t\t<figure class=\"wpb_wrapper vc_figure\">\n\t\t\t<div class=\"vc_single_image-wrapper   vc_box_border_grey\"><\/div>\n\t\t<\/figure>\n\t<\/div>\n<\/div><\/div><\/div><\/div><div  data-delay=\"0\" class=\"vc_row wpb_row vc_row-fluid\"><div class=\"wpb_column vc_column_container vc_col-sm-12\" data-delay=\"0\"><div class=\"vc_column-inner\"><div class=\"wpb_wrapper\">\n\t<div  class=\"wpb_single_image wpb_content_element vc_align_center\">\n\t\t\n\t\t<figure class=\"wpb_wrapper vc_figure\">\n\t\t\t<div class=\"vc_single_image-wrapper   vc_box_border_grey\"><\/div>\n\t\t<\/figure>\n\t<\/div>\n<div class=\"vc_row wpb_row vc_inner vc_row-fluid\"><div class=\"wpb_column vc_column_container vc_col-sm-12\"><div class=\"vc_column-inner\"><div class=\"wpb_wrapper\"><div id=\"1608021716427-37cc2f55-d0e9\" class=\"dt-sc-empty-space\"><\/div><\/div><\/div><\/div><\/div><\/div><\/div><\/div><\/div><div  data-delay=\"0\" class=\"vc_row wpb_row vc_row-fluid\"><div class=\"wpb_column vc_column_container vc_col-sm-12\" data-delay=\"0\"><div class=\"vc_column-inner\"><div class=\"wpb_wrapper\">\n\t<div  class=\"wpb_single_image wpb_content_element vc_align_center\">\n\t\t\n\t\t<figure class=\"wpb_wrapper vc_figure\">\n\t\t\t<div class=\"vc_single_image-wrapper   vc_box_border_grey\"><\/div>\n\t\t<\/figure>\n\t<\/div>\n<div id=\"1608021746454-ab9bdd3e-cdbb\" class=\"dt-sc-empty-space\"><\/div><\/div><\/div><\/div><\/div>","protected":false},"excerpt":{"rendered":"Rosalina Rosalina Islak Havlu cildinizin temizlenmesine, nemlenmesine yard\u0131mc\u0131 olur. Ferahlat\u0131c\u0131 kokulu form\u00fcl\u00fc ve yumu\u015fak dokulu yap\u0131s\u0131 ile g\u00fcnl\u00fck ya\u015fant\u0131n\u0131zda, ihtiyac\u0131n\u0131z olan her yerde g\u00fcvenle kullanabilirsiniz. Dermatolojik olarak test edilen \u00fcr\u00fcnlerimizin pH de\u011feri cildiniz ile uyumludur.","protected":false},"author":1,"featured_media":0,"parent":0,"menu_order":0,"comment_status":"closed","ping_status":"closed","template":"","meta":{"footnotes":""},"class_list":["post-21666","page","type-page","status-publish","hentry"],"yoast_head":"<!-- This site is optimized with the Yoast SEO plugin v21.7 - https:\/\/yoast.com\/wordpress\/plugins\/seo\/ -->\n<title>Rosalina - G&uuml;lseli Temizlik &Uuml;r&uuml;nleri A.\u015e.<\/title>\n<meta name=\"description\" content=\"Rosalina Islak Mendil ferahlat\u0131c\u0131 kokulu form\u00fcl\u00fc ve yumu\u015fak dokulu yap\u0131s\u0131 ile cildinizin temizlenmesine, nemlenmesine yard\u0131mc\u0131 olur.\" \/>\n<meta name=\"robots\" content=\"index, follow, max-snippet:-1, max-image-preview:large, max-video-preview:-1\" \/>\n<link rel=\"canonical\" href=\"https:\/\/www.gulseli.com.tr\/en\/rosalina\/\" \/>\n<meta property=\"og:locale\" content=\"en_US\" \/>\n<meta property=\"og:type\" content=\"article\" \/>\n<meta property=\"og:title\" content=\"Rosalina - G&uuml;lseli Temizlik &Uuml;r&uuml;nleri A.\u015e.\" \/>\n<meta property=\"og:description\" content=\"Rosalina Islak Mendil ferahlat\u0131c\u0131 kokulu form\u00fcl\u00fc ve yumu\u015fak dokulu yap\u0131s\u0131 ile cildinizin temizlenmesine, nemlenmesine yard\u0131mc\u0131 olur.\" \/>\n<meta property=\"og:url\" content=\"https:\/\/www.gulseli.com.tr\/en\/rosalina\/\" \/>\n<meta property=\"og:site_name\" content=\"G&uuml;lseli Temizlik &Uuml;r&uuml;nleri A.\u015e.\" \/>\n<meta property=\"article:modified_time\" content=\"2023-08-15T09:17:46+00:00\" \/>\n<meta name=\"twitter:card\" content=\"summary_large_image\" \/>\n<meta name=\"twitter:label1\" content=\"Est. reading time\" \/>\n\t<meta name=\"twitter:data1\" content=\"1 minute\" \/>\n<script type=\"application\/ld+json\" class=\"yoast-schema-graph\">{\"@context\":\"https:\/\/schema.org\",\"@graph\":[{\"@type\":\"WebPage\",\"@id\":\"https:\/\/www.gulseli.com.tr\/rosalina\/\",\"url\":\"https:\/\/www.gulseli.com.tr\/rosalina\/\",\"name\":\"Rosalina - G&uuml;lseli Temizlik &Uuml;r&uuml;nleri A.\u015e.\",\"isPartOf\":{\"@id\":\"https:\/\/www.gulseli.com.tr\/#website\"},\"datePublished\":\"2020-11-24T11:37:57+00:00\",\"dateModified\":\"2023-08-15T09:17:46+00:00\",\"description\":\"Rosalina Islak Mendil ferahlat\u0131c\u0131 kokulu form\u00fcl\u00fc ve yumu\u015fak dokulu yap\u0131s\u0131 ile cildinizin temizlenmesine, nemlenmesine yard\u0131mc\u0131 olur.\",\"breadcrumb\":{\"@id\":\"https:\/\/www.gulseli.com.tr\/rosalina\/#breadcrumb\"},\"inLanguage\":\"en-US\",\"potentialAction\":[{\"@type\":\"ReadAction\",\"target\":[\"https:\/\/www.gulseli.com.tr\/rosalina\/\"]}]},{\"@type\":\"BreadcrumbList\",\"@id\":\"https:\/\/www.gulseli.com.tr\/rosalina\/#breadcrumb\",\"itemListElement\":[{\"@type\":\"ListItem\",\"position\":1,\"name\":\"Ana sayfa\",\"item\":\"https:\/\/www.gulseli.com.tr\/\"},{\"@type\":\"ListItem\",\"position\":2,\"name\":\"Rosalina\"}]},{\"@type\":\"WebSite\",\"@id\":\"https:\/\/www.gulseli.com.tr\/#website\",\"url\":\"https:\/\/www.gulseli.com.tr\/\",\"name\":\"G\u00fclseli Temizlik \u00dcr\u00fcnleri A.\u015e\",\"description\":\"\",\"publisher\":{\"@id\":\"https:\/\/www.gulseli.com.tr\/#organization\"},\"potentialAction\":[{\"@type\":\"SearchAction\",\"target\":{\"@type\":\"EntryPoint\",\"urlTemplate\":\"https:\/\/www.gulseli.com.tr\/?s={search_term_string}\"},\"query-input\":\"required name=search_term_string\"}],\"inLanguage\":\"en-US\"},{\"@type\":\"Organization\",\"@id\":\"https:\/\/www.gulseli.com.tr\/#organization\",\"name\":\"G\u00fclseli Temizlik \u00dcr\u00fcnleri A.\u015e\",\"url\":\"https:\/\/www.gulseli.com.tr\/\",\"logo\":{\"@type\":\"ImageObject\",\"inLanguage\":\"en-US\",\"@id\":\"https:\/\/www.gulseli.com.tr\/#\/schema\/logo\/image\/\",\"url\":\"https:\/\/www.gulseli.com.tr\/wp-content\/uploads\/2021\/01\/WhatsApp-Image-2020-11-30-at-12.23.22.jpeg\",\"contentUrl\":\"https:\/\/www.gulseli.com.tr\/wp-content\/uploads\/2021\/01\/WhatsApp-Image-2020-11-30-at-12.23.22.jpeg\",\"width\":916,\"height\":521,\"caption\":\"G\u00fclseli Temizlik \u00dcr\u00fcnleri A.\u015e\"},\"image\":{\"@id\":\"https:\/\/www.gulseli.com.tr\/#\/schema\/logo\/image\/\"},\"sameAs\":[\"https:\/\/www.linkedin.com\/company\/g\u00fclseli-temizlik-\u00fcr\u00fcnleri-san-ve-tic-a-\u015f\/?viewAsMember=true\"]}]}<\/script>\n<!-- \/ Yoast SEO plugin. -->","yoast_head_json":{"title":"Rosalina - G&uuml;lseli Temizlik &Uuml;r&uuml;nleri A.\u015e.","description":"Rosalina Islak Mendil ferahlat\u0131c\u0131 kokulu form\u00fcl\u00fc ve yumu\u015fak dokulu yap\u0131s\u0131 ile cildinizin temizlenmesine, nemlenmesine yard\u0131mc\u0131 olur.","robots":{"index":"index","follow":"follow","max-snippet":"max-snippet:-1","max-image-preview":"max-image-preview:large","max-video-preview":"max-video-preview:-1"},"canonical":"https:\/\/www.gulseli.com.tr\/en\/rosalina\/","og_locale":"en_US","og_type":"article","og_title":"Rosalina - G&uuml;lseli Temizlik &Uuml;r&uuml;nleri A.\u015e.","og_description":"Rosalina Islak Mendil ferahlat\u0131c\u0131 kokulu form\u00fcl\u00fc ve yumu\u015fak dokulu yap\u0131s\u0131 ile cildinizin temizlenmesine, nemlenmesine yard\u0131mc\u0131 olur.","og_url":"https:\/\/www.gulseli.com.tr\/en\/rosalina\/","og_site_name":"G&uuml;lseli Temizlik &Uuml;r&uuml;nleri A.\u015e.","article_modified_time":"2023-08-15T09:17:46+00:00","twitter_card":"summary_large_image","twitter_misc":{"Est. reading time":"1 minute"},"schema":{"@context":"https:\/\/schema.org","@graph":[{"@type":"WebPage","@id":"https:\/\/www.gulseli.com.tr\/rosalina\/","url":"https:\/\/www.gulseli.com.tr\/rosalina\/","name":"Rosalina - G&uuml;lseli Temizlik &Uuml;r&uuml;nleri A.\u015e.","isPartOf":{"@id":"https:\/\/www.gulseli.com.tr\/#website"},"datePublished":"2020-11-24T11:37:57+00:00","dateModified":"2023-08-15T09:17:46+00:00","description":"Rosalina Islak Mendil ferahlat\u0131c\u0131 kokulu form\u00fcl\u00fc ve yumu\u015fak dokulu yap\u0131s\u0131 ile cildinizin temizlenmesine, nemlenmesine yard\u0131mc\u0131 olur.","breadcrumb":{"@id":"https:\/\/www.gulseli.com.tr\/rosalina\/#breadcrumb"},"inLanguage":"en-US","potentialAction":[{"@type":"ReadAction","target":["https:\/\/www.gulseli.com.tr\/rosalina\/"]}]},{"@type":"BreadcrumbList","@id":"https:\/\/www.gulseli.com.tr\/rosalina\/#breadcrumb","itemListElement":[{"@type":"ListItem","position":1,"name":"Ana sayfa","item":"https:\/\/www.gulseli.com.tr\/"},{"@type":"ListItem","position":2,"name":"Rosalina"}]},{"@type":"WebSite","@id":"https:\/\/www.gulseli.com.tr\/#website","url":"https:\/\/www.gulseli.com.tr\/","name":"G\u00fclseli Temizlik \u00dcr\u00fcnleri A.\u015e","description":"","publisher":{"@id":"https:\/\/www.gulseli.com.tr\/#organization"},"potentialAction":[{"@type":"SearchAction","target":{"@type":"EntryPoint","urlTemplate":"https:\/\/www.gulseli.com.tr\/?s={search_term_string}"},"query-input":"required name=search_term_string"}],"inLanguage":"en-US"},{"@type":"Organization","@id":"https:\/\/www.gulseli.com.tr\/#organization","name":"G\u00fclseli Temizlik \u00dcr\u00fcnleri A.\u015e","url":"https:\/\/www.gulseli.com.tr\/","logo":{"@type":"ImageObject","inLanguage":"en-US","@id":"https:\/\/www.gulseli.com.tr\/#\/schema\/logo\/image\/","url":"https:\/\/www.gulseli.com.tr\/wp-content\/uploads\/2021\/01\/WhatsApp-Image-2020-11-30-at-12.23.22.jpeg","contentUrl":"https:\/\/www.gulseli.com.tr\/wp-content\/uploads\/2021\/01\/WhatsApp-Image-2020-11-30-at-12.23.22.jpeg","width":916,"height":521,"caption":"G\u00fclseli Temizlik \u00dcr\u00fcnleri A.\u015e"},"image":{"@id":"https:\/\/www.gulseli.com.tr\/#\/schema\/logo\/image\/"},"sameAs":["https:\/\/www.linkedin.com\/company\/g\u00fclseli-temizlik-\u00fcr\u00fcnleri-san-ve-tic-a-\u015f\/?viewAsMember=true"]}]}},"_links":{"self":[{"href":"https:\/\/www.gulseli.com.tr\/en\/wp-json\/wp\/v2\/pages\/21666","targetHints":{"allow":["GET"]}}],"collection":[{"href":"https:\/\/www.gulseli.com.tr\/en\/wp-json\/wp\/v2\/pages"}],"about":[{"href":"https:\/\/www.gulseli.com.tr\/en\/wp-json\/wp\/v2\/types\/page"}],"author":[{"embeddable":true,"href":"https:\/\/www.gulseli.com.tr\/en\/wp-json\/wp\/v2\/users\/1"}],"replies":[{"embeddable":true,"href":"https:\/\/www.gulseli.com.tr\/en\/wp-json\/wp\/v2\/comments?post=21666"}],"version-history":[{"count":65,"href":"https:\/\/www.gulseli.com.tr\/en\/wp-json\/wp\/v2\/pages\/21666\/revisions"}],"predecessor-version":[{"id":22054,"href":"https:\/\/www.gulseli.com.tr\/en\/wp-json\/wp\/v2\/pages\/21666\/revisions\/22054"}],"wp:attachment":[{"href":"https:\/\/www.gulseli.com.tr\/en\/wp-json\/wp\/v2\/media?parent=21666"}],"curies":[{"name":"wp","href":"https:\/\/api.w.org\/{rel}","templated":true}]}}