{"id":21728,"date":"2020-11-24T21:08:24","date_gmt":"2020-11-24T21:08:24","guid":{"rendered":"http:\/\/www.gulseli.com.tr\/?page_id=21728"},"modified":"2022-03-23T07:18:53","modified_gmt":"2022-03-23T07:18:53","slug":"sertifikalarimiz","status":"publish","type":"page","link":"https:\/\/www.gulseli.com.tr\/en\/sertifikalarimiz\/","title":{"rendered":"Certificates"},"content":{"rendered":"<div  data-delay=\"0\" class=\"vc_row wpb_row vc_row-fluid\"><div class=\"wpb_column vc_column_container vc_col-sm-4\" data-delay=\"0\"><div class=\"vc_column-inner\"><div class=\"wpb_wrapper\">\n\t<div  class=\"wpb_single_image wpb_content_element vc_align_center\">\n\t\t\n\t\t<figure class=\"wpb_wrapper vc_figure\">\n\t\t\t<a data-rel=\"prettyPhoto[rel-21728-1772687945]\" href=\"https:\/\/www.gulseli.com.tr\/wp-content\/uploads\/2022\/03\/Gulseli_9001_G2_page-0001-724x1024.jpg\" target=\"_self\" class=\"vc_single_image-wrapper   vc_box_border_grey prettyphoto\"><img loading=\"lazy\" decoding=\"async\" width=\"212\" height=\"300\" src=\"https:\/\/www.gulseli.com.tr\/wp-content\/uploads\/2022\/03\/Gulseli_9001_G2_page-0001-212x300.jpg\" class=\"vc_single_image-img attachment-medium\" alt=\"\" srcset=\"https:\/\/www.gulseli.com.tr\/wp-content\/uploads\/2022\/03\/Gulseli_9001_G2_page-0001-212x300.jpg 212w, https:\/\/www.gulseli.com.tr\/wp-content\/uploads\/2022\/03\/Gulseli_9001_G2_page-0001-724x1024.jpg 724w, https:\/\/www.gulseli.com.tr\/wp-content\/uploads\/2022\/03\/Gulseli_9001_G2_page-0001-768x1086.jpg 768w, https:\/\/www.gulseli.com.tr\/wp-content\/uploads\/2022\/03\/Gulseli_9001_G2_page-0001-1086x1536.jpg 1086w, https:\/\/www.gulseli.com.tr\/wp-content\/uploads\/2022\/03\/Gulseli_9001_G2_page-0001-8x12.jpg 8w, https:\/\/www.gulseli.com.tr\/wp-content\/uploads\/2022\/03\/Gulseli_9001_G2_page-0001-750x1061.jpg 750w, https:\/\/www.gulseli.com.tr\/wp-content\/uploads\/2022\/03\/Gulseli_9001_G2_page-0001-540x764.jpg 540w, https:\/\/www.gulseli.com.tr\/wp-content\/uploads\/2022\/03\/Gulseli_9001_G2_page-0001.jpg 1240w\" sizes=\"auto, (max-width: 212px) 100vw, 212px\" \/><\/a>\n\t\t<\/figure>\n\t<\/div>\n<h2 style=\"text-align: center;font-family:Abril Fatface;font-weight:400;font-style:normal\" class=\"vc_custom_heading\" >ISO 9001:2015<\/h2><\/div><\/div><\/div><div class=\"wpb_column vc_column_container vc_col-sm-4\" data-delay=\"0\"><div class=\"vc_column-inner\"><div class=\"wpb_wrapper\">\n\t<div  class=\"wpb_single_image wpb_content_element vc_align_center\">\n\t\t\n\t\t<figure class=\"wpb_wrapper vc_figure\">\n\t\t\t<a data-rel=\"prettyPhoto[rel-21728-3628717291]\" href=\"https:\/\/www.gulseli.com.tr\/wp-content\/uploads\/2022\/03\/Gulseli_14001_G2_page-0001-724x1024.jpg\" target=\"_self\" class=\"vc_single_image-wrapper   vc_box_border_grey prettyphoto\"><img loading=\"lazy\" decoding=\"async\" width=\"212\" height=\"300\" src=\"https:\/\/www.gulseli.com.tr\/wp-content\/uploads\/2022\/03\/Gulseli_14001_G2_page-0001-212x300.jpg\" class=\"vc_single_image-img attachment-medium\" alt=\"\" srcset=\"https:\/\/www.gulseli.com.tr\/wp-content\/uploads\/2022\/03\/Gulseli_14001_G2_page-0001-212x300.jpg 212w, https:\/\/www.gulseli.com.tr\/wp-content\/uploads\/2022\/03\/Gulseli_14001_G2_page-0001-724x1024.jpg 724w, https:\/\/www.gulseli.com.tr\/wp-content\/uploads\/2022\/03\/Gulseli_14001_G2_page-0001-768x1086.jpg 768w, https:\/\/www.gulseli.com.tr\/wp-content\/uploads\/2022\/03\/Gulseli_14001_G2_page-0001-1086x1536.jpg 1086w, https:\/\/www.gulseli.com.tr\/wp-content\/uploads\/2022\/03\/Gulseli_14001_G2_page-0001-8x12.jpg 8w, https:\/\/www.gulseli.com.tr\/wp-content\/uploads\/2022\/03\/Gulseli_14001_G2_page-0001-750x1061.jpg 750w, https:\/\/www.gulseli.com.tr\/wp-content\/uploads\/2022\/03\/Gulseli_14001_G2_page-0001-540x764.jpg 540w, https:\/\/www.gulseli.com.tr\/wp-content\/uploads\/2022\/03\/Gulseli_14001_G2_page-0001.jpg 1240w\" sizes=\"auto, (max-width: 212px) 100vw, 212px\" \/><\/a>\n\t\t<\/figure>\n\t<\/div>\n<h2 style=\"text-align: center;font-family:Abril Fatface;font-weight:400;font-style:normal\" class=\"vc_custom_heading\" >ISO 14001:2015<\/h2><\/div><\/div><\/div><div class=\"wpb_column vc_column_container vc_col-sm-4\" data-delay=\"0\"><div class=\"vc_column-inner\"><div class=\"wpb_wrapper\">\n\t<div  class=\"wpb_single_image wpb_content_element vc_align_center\">\n\t\t\n\t\t<figure class=\"wpb_wrapper vc_figure\">\n\t\t\t<a data-rel=\"prettyPhoto[rel-21728-952167000]\" href=\"https:\/\/www.gulseli.com.tr\/wp-content\/uploads\/2020\/11\/GMP-1-801x1024.png\" target=\"_self\" class=\"vc_single_image-wrapper   vc_box_border_grey prettyphoto\"><img loading=\"lazy\" decoding=\"async\" width=\"235\" height=\"300\" src=\"https:\/\/www.gulseli.com.tr\/wp-content\/uploads\/2020\/11\/GMP-1-235x300.png\" class=\"vc_single_image-img attachment-medium\" alt=\"\" srcset=\"https:\/\/www.gulseli.com.tr\/wp-content\/uploads\/2020\/11\/GMP-1-235x300.png 235w, https:\/\/www.gulseli.com.tr\/wp-content\/uploads\/2020\/11\/GMP-1-801x1024.png 801w, https:\/\/www.gulseli.com.tr\/wp-content\/uploads\/2020\/11\/GMP-1-768x981.png 768w, https:\/\/www.gulseli.com.tr\/wp-content\/uploads\/2020\/11\/GMP-1-750x958.png 750w, https:\/\/www.gulseli.com.tr\/wp-content\/uploads\/2020\/11\/GMP-1-540x690.png 540w, https:\/\/www.gulseli.com.tr\/wp-content\/uploads\/2020\/11\/GMP-1.png 896w\" sizes=\"auto, (max-width: 235px) 100vw, 235px\" \/><\/a>\n\t\t<\/figure>\n\t<\/div>\n<h2 style=\"text-align: center;font-family:Abril Fatface;font-weight:400;font-style:normal\" class=\"vc_custom_heading\" >GMP<\/h2><\/div><\/div><\/div><\/div><div  data-delay=\"0\" class=\"vc_row wpb_row vc_row-fluid\"><div class=\"wpb_column vc_column_container vc_col-sm-4\" data-delay=\"0\"><div class=\"vc_column-inner\"><div class=\"wpb_wrapper\"><div class=\"wpb_gallery wpb_content_element vc_clearfix\" ><div class=\"wpb_wrapper\"><div class=\"wpb_gallery_slides wpb_flexslider flexslider_fade flexslider\" data-interval=\"3\" data-flex_fx=\"fade\"><ul class=\"slides\"><li><a class=\"prettyphoto\" href=\"\" data-rel=\"prettyPhoto[rel-21728-3491505341]\"><\/a><\/li><li><a class=\"prettyphoto\" href=\"\" data-rel=\"prettyPhoto[rel-21728-3491505341]\"><\/a><\/li><\/ul><\/div><\/div><\/div><h2 style=\"text-align: center;font-family:Abril Fatface;font-weight:400;font-style:normal\" class=\"vc_custom_heading\" >EN 1276<\/h2><\/div><\/div><\/div><div class=\"wpb_column vc_column_container vc_col-sm-4\" data-delay=\"0\"><div class=\"vc_column-inner\"><div class=\"wpb_wrapper\"><div class=\"wpb_gallery wpb_content_element vc_clearfix\" ><div class=\"wpb_wrapper\"><div class=\"wpb_gallery_slides wpb_flexslider flexslider_fade flexslider\" data-interval=\"3\" data-flex_fx=\"fade\"><ul class=\"slides\"><li><a class=\"prettyphoto\" href=\"\" data-rel=\"prettyPhoto[rel-21728-2075853514]\"><\/a><\/li><li><a class=\"prettyphoto\" href=\"\" data-rel=\"prettyPhoto[rel-21728-2075853514]\"><\/a><\/li><li><a class=\"prettyphoto\" href=\"\" data-rel=\"prettyPhoto[rel-21728-2075853514]\"><\/a><\/li><li><a class=\"prettyphoto\" href=\"\" data-rel=\"prettyPhoto[rel-21728-2075853514]\"><\/a><\/li><\/ul><\/div><\/div><\/div><h2 style=\"text-align: center;font-family:Abril Fatface;font-weight:400;font-style:normal\" class=\"vc_custom_heading\" >EN 14476<\/h2><\/div><\/div><\/div><div class=\"wpb_column vc_column_container vc_col-sm-4\" data-delay=\"0\"><div class=\"vc_column-inner\"><div class=\"wpb_wrapper\"><div class=\"wpb_gallery wpb_content_element vc_clearfix\" ><div class=\"wpb_wrapper\"><div class=\"wpb_gallery_slides wpb_flexslider flexslider_fade flexslider\" data-interval=\"3\" data-flex_fx=\"fade\"><ul class=\"slides\"><li><a class=\"prettyphoto\" href=\"\" data-rel=\"prettyPhoto[rel-21728-3279927142]\"><\/a><\/li><li><a class=\"prettyphoto\" href=\"\" data-rel=\"prettyPhoto[rel-21728-3279927142]\"><\/a><\/li><\/ul><\/div><\/div><\/div><h2 style=\"text-align: center;font-family:Abril Fatface;font-weight:400;font-style:normal\" class=\"vc_custom_heading\" >EN 13727<\/h2><\/div><\/div><\/div><\/div><div  data-delay=\"0\" class=\"vc_row wpb_row vc_row-fluid\"><div class=\"wpb_column vc_column_container vc_col-sm-4\" data-delay=\"0\"><div class=\"vc_column-inner\"><div class=\"wpb_wrapper\"><div class=\"wpb_gallery wpb_content_element vc_clearfix\" ><div class=\"wpb_wrapper\"><div class=\"wpb_gallery_slides wpb_flexslider flexslider_fade flexslider\" data-interval=\"3\" data-flex_fx=\"fade\"><ul class=\"slides\"><li><a class=\"prettyphoto\" href=\"https:\/\/www.gulseli.com.tr\/wp-content\/uploads\/2022\/03\/Sedex-Logo-Vector-1024x273.png\" data-rel=\"prettyPhoto[rel-21728-3984687699]\"><img loading=\"lazy\" decoding=\"async\" width=\"300\" height=\"80\" src=\"https:\/\/www.gulseli.com.tr\/wp-content\/uploads\/2022\/03\/Sedex-Logo-Vector-300x80.png\" class=\"attachment-medium\" alt=\"\" srcset=\"https:\/\/www.gulseli.com.tr\/wp-content\/uploads\/2022\/03\/Sedex-Logo-Vector-300x80.png 300w, https:\/\/www.gulseli.com.tr\/wp-content\/uploads\/2022\/03\/Sedex-Logo-Vector-1024x273.png 1024w, https:\/\/www.gulseli.com.tr\/wp-content\/uploads\/2022\/03\/Sedex-Logo-Vector-768x205.png 768w, https:\/\/www.gulseli.com.tr\/wp-content\/uploads\/2022\/03\/Sedex-Logo-Vector-16x4.png 16w, https:\/\/www.gulseli.com.tr\/wp-content\/uploads\/2022\/03\/Sedex-Logo-Vector-750x200.png 750w, https:\/\/www.gulseli.com.tr\/wp-content\/uploads\/2022\/03\/Sedex-Logo-Vector-540x144.png 540w, https:\/\/www.gulseli.com.tr\/wp-content\/uploads\/2022\/03\/Sedex-Logo-Vector.png 1330w\" sizes=\"auto, (max-width: 300px) 100vw, 300px\" \/><\/a><\/li><\/ul><\/div><\/div><\/div><h2 style=\"text-align: center;font-family:Abril Fatface;font-weight:400;font-style:normal\" class=\"vc_custom_heading\" >SEDEX-Smeta<\/h2><\/div><\/div><\/div><\/div>","protected":false},"excerpt":{"rendered":"ISO 9001:2015 ISO 14001:2015 GMPEN 1276EN 14476EN 13727SEDEX-Smeta","protected":false},"author":1,"featured_media":0,"parent":0,"menu_order":0,"comment_status":"closed","ping_status":"closed","template":"","meta":{"footnotes":""},"class_list":["post-21728","page","type-page","status-publish","hentry"],"yoast_head":"<!-- This site is optimized with the Yoast SEO plugin v21.7 - https:\/\/yoast.com\/wordpress\/plugins\/seo\/ -->\n<title>Sertifikalar\u0131m\u0131z - G&uuml;lseli Temizlik &Uuml;r&uuml;nleri A.\u015e.<\/title>\n<meta name=\"description\" content=\"G\u00fclseli Temizlik \u00dcr\u00fcnleri olarak ISO 9001, ISO 14001, GMP, EN 1276, EN 14476 ve EN 13727 standartlar\u0131na uygun \u00fcretim yap\u0131yoruz.\" \/>\n<meta name=\"robots\" content=\"index, follow, max-snippet:-1, max-image-preview:large, max-video-preview:-1\" \/>\n<link rel=\"canonical\" href=\"https:\/\/www.gulseli.com.tr\/en\/sertifikalarimiz\/\" \/>\n<meta property=\"og:locale\" content=\"en_US\" \/>\n<meta property=\"og:type\" content=\"article\" \/>\n<meta property=\"og:title\" content=\"Sertifikalar\u0131m\u0131z - G&uuml;lseli Temizlik &Uuml;r&uuml;nleri A.\u015e.\" \/>\n<meta property=\"og:description\" content=\"G\u00fclseli Temizlik \u00dcr\u00fcnleri olarak ISO 9001, ISO 14001, GMP, EN 1276, EN 14476 ve EN 13727 standartlar\u0131na uygun \u00fcretim yap\u0131yoruz.\" \/>\n<meta property=\"og:url\" content=\"https:\/\/www.gulseli.com.tr\/en\/sertifikalarimiz\/\" \/>\n<meta property=\"og:site_name\" content=\"G&uuml;lseli Temizlik &Uuml;r&uuml;nleri A.\u015e.\" \/>\n<meta property=\"article:modified_time\" content=\"2022-03-23T07:18:53+00:00\" \/>\n<meta name=\"twitter:card\" content=\"summary_large_image\" \/>\n<meta name=\"twitter:label1\" content=\"Est. reading time\" \/>\n\t<meta name=\"twitter:data1\" content=\"1 minute\" \/>\n<script type=\"application\/ld+json\" class=\"yoast-schema-graph\">{\"@context\":\"https:\/\/schema.org\",\"@graph\":[{\"@type\":\"WebPage\",\"@id\":\"https:\/\/www.gulseli.com.tr\/sertifikalarimiz\/\",\"url\":\"https:\/\/www.gulseli.com.tr\/sertifikalarimiz\/\",\"name\":\"Sertifikalar\u0131m\u0131z - G&uuml;lseli Temizlik &Uuml;r&uuml;nleri A.\u015e.\",\"isPartOf\":{\"@id\":\"https:\/\/www.gulseli.com.tr\/#website\"},\"datePublished\":\"2020-11-24T21:08:24+00:00\",\"dateModified\":\"2022-03-23T07:18:53+00:00\",\"description\":\"G\u00fclseli Temizlik \u00dcr\u00fcnleri olarak ISO 9001, ISO 14001, GMP, EN 1276, EN 14476 ve EN 13727 standartlar\u0131na uygun \u00fcretim yap\u0131yoruz.\",\"breadcrumb\":{\"@id\":\"https:\/\/www.gulseli.com.tr\/sertifikalarimiz\/#breadcrumb\"},\"inLanguage\":\"en-US\",\"potentialAction\":[{\"@type\":\"ReadAction\",\"target\":[\"https:\/\/www.gulseli.com.tr\/sertifikalarimiz\/\"]}]},{\"@type\":\"BreadcrumbList\",\"@id\":\"https:\/\/www.gulseli.com.tr\/sertifikalarimiz\/#breadcrumb\",\"itemListElement\":[{\"@type\":\"ListItem\",\"position\":1,\"name\":\"Ana sayfa\",\"item\":\"https:\/\/www.gulseli.com.tr\/\"},{\"@type\":\"ListItem\",\"position\":2,\"name\":\"Sertifikalar\u0131m\u0131z\"}]},{\"@type\":\"WebSite\",\"@id\":\"https:\/\/www.gulseli.com.tr\/#website\",\"url\":\"https:\/\/www.gulseli.com.tr\/\",\"name\":\"G\u00fclseli Temizlik \u00dcr\u00fcnleri A.\u015e\",\"description\":\"\",\"publisher\":{\"@id\":\"https:\/\/www.gulseli.com.tr\/#organization\"},\"potentialAction\":[{\"@type\":\"SearchAction\",\"target\":{\"@type\":\"EntryPoint\",\"urlTemplate\":\"https:\/\/www.gulseli.com.tr\/?s={search_term_string}\"},\"query-input\":\"required name=search_term_string\"}],\"inLanguage\":\"en-US\"},{\"@type\":\"Organization\",\"@id\":\"https:\/\/www.gulseli.com.tr\/#organization\",\"name\":\"G\u00fclseli Temizlik \u00dcr\u00fcnleri A.\u015e\",\"url\":\"https:\/\/www.gulseli.com.tr\/\",\"logo\":{\"@type\":\"ImageObject\",\"inLanguage\":\"en-US\",\"@id\":\"https:\/\/www.gulseli.com.tr\/#\/schema\/logo\/image\/\",\"url\":\"https:\/\/www.gulseli.com.tr\/wp-content\/uploads\/2021\/01\/WhatsApp-Image-2020-11-30-at-12.23.22.jpeg\",\"contentUrl\":\"https:\/\/www.gulseli.com.tr\/wp-content\/uploads\/2021\/01\/WhatsApp-Image-2020-11-30-at-12.23.22.jpeg\",\"width\":916,\"height\":521,\"caption\":\"G\u00fclseli Temizlik \u00dcr\u00fcnleri A.\u015e\"},\"image\":{\"@id\":\"https:\/\/www.gulseli.com.tr\/#\/schema\/logo\/image\/\"},\"sameAs\":[\"https:\/\/www.linkedin.com\/company\/g\u00fclseli-temizlik-\u00fcr\u00fcnleri-san-ve-tic-a-\u015f\/?viewAsMember=true\"]}]}<\/script>\n<!-- \/ Yoast SEO plugin. -->","yoast_head_json":{"title":"Sertifikalar\u0131m\u0131z - G&uuml;lseli Temizlik &Uuml;r&uuml;nleri A.\u015e.","description":"G\u00fclseli Temizlik \u00dcr\u00fcnleri olarak ISO 9001, ISO 14001, GMP, EN 1276, EN 14476 ve EN 13727 standartlar\u0131na uygun \u00fcretim yap\u0131yoruz.","robots":{"index":"index","follow":"follow","max-snippet":"max-snippet:-1","max-image-preview":"max-image-preview:large","max-video-preview":"max-video-preview:-1"},"canonical":"https:\/\/www.gulseli.com.tr\/en\/sertifikalarimiz\/","og_locale":"en_US","og_type":"article","og_title":"Sertifikalar\u0131m\u0131z - G&uuml;lseli Temizlik &Uuml;r&uuml;nleri A.\u015e.","og_description":"G\u00fclseli Temizlik \u00dcr\u00fcnleri olarak ISO 9001, ISO 14001, GMP, EN 1276, EN 14476 ve EN 13727 standartlar\u0131na uygun \u00fcretim yap\u0131yoruz.","og_url":"https:\/\/www.gulseli.com.tr\/en\/sertifikalarimiz\/","og_site_name":"G&uuml;lseli Temizlik &Uuml;r&uuml;nleri A.\u015e.","article_modified_time":"2022-03-23T07:18:53+00:00","twitter_card":"summary_large_image","twitter_misc":{"Est. reading time":"1 minute"},"schema":{"@context":"https:\/\/schema.org","@graph":[{"@type":"WebPage","@id":"https:\/\/www.gulseli.com.tr\/sertifikalarimiz\/","url":"https:\/\/www.gulseli.com.tr\/sertifikalarimiz\/","name":"Sertifikalar\u0131m\u0131z - G&uuml;lseli Temizlik &Uuml;r&uuml;nleri A.\u015e.","isPartOf":{"@id":"https:\/\/www.gulseli.com.tr\/#website"},"datePublished":"2020-11-24T21:08:24+00:00","dateModified":"2022-03-23T07:18:53+00:00","description":"G\u00fclseli Temizlik \u00dcr\u00fcnleri olarak ISO 9001, ISO 14001, GMP, EN 1276, EN 14476 ve EN 13727 standartlar\u0131na uygun \u00fcretim yap\u0131yoruz.","breadcrumb":{"@id":"https:\/\/www.gulseli.com.tr\/sertifikalarimiz\/#breadcrumb"},"inLanguage":"en-US","potentialAction":[{"@type":"ReadAction","target":["https:\/\/www.gulseli.com.tr\/sertifikalarimiz\/"]}]},{"@type":"BreadcrumbList","@id":"https:\/\/www.gulseli.com.tr\/sertifikalarimiz\/#breadcrumb","itemListElement":[{"@type":"ListItem","position":1,"name":"Ana sayfa","item":"https:\/\/www.gulseli.com.tr\/"},{"@type":"ListItem","position":2,"name":"Sertifikalar\u0131m\u0131z"}]},{"@type":"WebSite","@id":"https:\/\/www.gulseli.com.tr\/#website","url":"https:\/\/www.gulseli.com.tr\/","name":"G\u00fclseli Temizlik \u00dcr\u00fcnleri A.\u015e","description":"","publisher":{"@id":"https:\/\/www.gulseli.com.tr\/#organization"},"potentialAction":[{"@type":"SearchAction","target":{"@type":"EntryPoint","urlTemplate":"https:\/\/www.gulseli.com.tr\/?s={search_term_string}"},"query-input":"required name=search_term_string"}],"inLanguage":"en-US"},{"@type":"Organization","@id":"https:\/\/www.gulseli.com.tr\/#organization","name":"G\u00fclseli Temizlik \u00dcr\u00fcnleri A.\u015e","url":"https:\/\/www.gulseli.com.tr\/","logo":{"@type":"ImageObject","inLanguage":"en-US","@id":"https:\/\/www.gulseli.com.tr\/#\/schema\/logo\/image\/","url":"https:\/\/www.gulseli.com.tr\/wp-content\/uploads\/2021\/01\/WhatsApp-Image-2020-11-30-at-12.23.22.jpeg","contentUrl":"https:\/\/www.gulseli.com.tr\/wp-content\/uploads\/2021\/01\/WhatsApp-Image-2020-11-30-at-12.23.22.jpeg","width":916,"height":521,"caption":"G\u00fclseli Temizlik \u00dcr\u00fcnleri A.\u015e"},"image":{"@id":"https:\/\/www.gulseli.com.tr\/#\/schema\/logo\/image\/"},"sameAs":["https:\/\/www.linkedin.com\/company\/g\u00fclseli-temizlik-\u00fcr\u00fcnleri-san-ve-tic-a-\u015f\/?viewAsMember=true"]}]}},"_links":{"self":[{"href":"https:\/\/www.gulseli.com.tr\/en\/wp-json\/wp\/v2\/pages\/21728","targetHints":{"allow":["GET"]}}],"collection":[{"href":"https:\/\/www.gulseli.com.tr\/en\/wp-json\/wp\/v2\/pages"}],"about":[{"href":"https:\/\/www.gulseli.com.tr\/en\/wp-json\/wp\/v2\/types\/page"}],"author":[{"embeddable":true,"href":"https:\/\/www.gulseli.com.tr\/en\/wp-json\/wp\/v2\/users\/1"}],"replies":[{"embeddable":true,"href":"https:\/\/www.gulseli.com.tr\/en\/wp-json\/wp\/v2\/comments?post=21728"}],"version-history":[{"count":51,"href":"https:\/\/www.gulseli.com.tr\/en\/wp-json\/wp\/v2\/pages\/21728\/revisions"}],"predecessor-version":[{"id":22294,"href":"https:\/\/www.gulseli.com.tr\/en\/wp-json\/wp\/v2\/pages\/21728\/revisions\/22294"}],"wp:attachment":[{"href":"https:\/\/www.gulseli.com.tr\/en\/wp-json\/wp\/v2\/media?parent=21728"}],"curies":[{"name":"wp","href":"https:\/\/api.w.org\/{rel}","templated":true}]}}