{"id":22267,"date":"2022-02-18T09:58:43","date_gmt":"2022-02-18T09:58:43","guid":{"rendered":"https:\/\/www.gulseli.com.tr\/?page_id=22267"},"modified":"2023-06-07T12:45:15","modified_gmt":"2023-06-07T12:45:15","slug":"entegre-yonetim-sistemi","status":"publish","type":"page","link":"https:\/\/www.gulseli.com.tr\/en\/entegre-yonetim-sistemi\/","title":{"rendered":"Integrated Management System"},"content":{"rendered":"<div  data-delay=\"0\" class=\"vc_row wpb_row vc_row-fluid\"><div class=\"wpb_column vc_column_container vc_col-sm-12\" data-delay=\"0\"><div class=\"vc_column-inner\"><div class=\"wpb_wrapper\">\n\t<div class=\"wpb_text_column wpb_content_element\" >\n\t\t<div class=\"wpb_wrapper\">\n\t\t\t<figure class=\"wp-block-gallery columns-0 is-cropped wp-block-gallery-1 is-layout-flex wp-block-gallery-is-layout-flex\"><\/figure>\n\n\t\t<\/div>\n\t<\/div>\n<\/div><\/div><\/div><\/div><div  data-delay=\"0\" class=\"vc_row wpb_row vc_row-fluid\"><div class=\"wpb_column vc_column_container vc_col-sm-12\" data-delay=\"0\"><div class=\"vc_column-inner\"><div class=\"wpb_wrapper\">\n\t<div class=\"wpb_text_column wpb_content_element\" >\n\t\t<div class=\"wpb_wrapper\">\n\t\t\t<h4>Entegre Y\u00f6netim Sistemi Politikam\u0131z<\/h4>\n<p>Entegre Y\u00f6netim Sistemimizin uyum ve gereklilikleri hakk\u0131nda \u00e7al\u0131\u015fanlar\u0131m\u0131z\u0131n ve t\u00fcm ilgili taraftar\u0131m\u0131z\u0131n fark\u0131ndal\u0131\u011f\u0131n\u0131n korunmas\u0131, sistemin geli\u015ftirilmesi ve iyile\u015ftirilmesi i\u00e7in kat\u0131l\u0131mlar\u0131n\u0131n sa\u011flanmas\u0131,<\/p>\n<p>\u201c<strong>Islak Mendil \u00dcretimi\u201d<\/strong> kapsam\u0131 d\u00e2hilinde \u015firketimizi ba\u011flay\u0131c\u0131 t\u00fcm \u00e7al\u0131\u015fanlar\u0131m\u0131z\u0131n, ilgili taraftar\u0131m\u0131z\u0131n ve i\u015f ortaklar\u0131m\u0131z\u0131n ihtiya\u00e7 ve beklentilerinin ve uyum y\u00fck\u00fcml\u00fcl\u00fcklerinin belirlenmesi, \u00c7al\u0131\u015fmalar\u0131m\u0131z\u0131n birincil ve ikincil mevzuat \u015fartlar\u0131na, yasa, y\u00f6netmelik, ulusal ve uluslararas\u0131 standartlar do\u011frultusunda y\u00fcr\u00fct\u00fclmesi,<\/p>\n<p>Kurulu\u015fumuz s\u00fcre\u00e7lerinin, m\u00fc\u015fterilerin istek ve ihtiya\u00e7lar\u0131na odakl\u0131, ulusal ve uluslararas\u0131 ge\u00e7erlili\u011fi olan standartlarda tan\u0131mlanmas\u0131; m\u00fc\u015fterinin verimlili\u011fini en y\u00fcksek seviyeye ula\u015ft\u0131racak teknolojilerin kullan\u0131larak hizmet sunulmas\u0131 ve memnuniyeti beklentilerin \u00fczerinde tutan stratejik y\u00f6netim yakla\u015f\u0131m\u0131n\u0131n sergilenmesi,<\/p>\n<p>\u00c7al\u0131\u015fanlar\u0131m\u0131z\u0131n i\u015f s\u00fcre\u00e7lerine yeni fikirlerle destek olmalar\u0131n\u0131n te\u015fvik edilmesi ile yarat\u0131c\u0131 ve yenilik\u00e7i \u00fcr\u00fcn ve hizmetlerin ger\u00e7ekle\u015ftirilmesi,<\/p>\n<p>Hizmet s\u00fcreklili\u011finde istikrar\u0131n sa\u011flanmas\u0131 i\u00e7in kalite y\u00f6netimi ve \u00e7evre y\u00f6netimi konular\u0131nda risk ve f\u0131rsatlar\u0131n periyodik olarak de\u011ferlendirilmesi ve m\u00fc\u015fteri hizmet y\u00f6netimine girdi sa\u011flanmas\u0131,<\/p>\n<p>\u00c7evresel fark\u0131ndal\u0131\u011f\u0131n \u00e7al\u0131\u015fanlar nezdinde olu\u015fturulmas\u0131 i\u00e7in bilgi seviyesi ve korumac\u0131 k\u00fclt\u00fcr\u00fcn s\u00fcrekli art\u0131r\u0131lmas\u0131, geli\u015ftirilmesi ve \u00e7evre performans hedeflerimizin iyile\u015ftirilmesi,<\/p>\n<p>\u00c7evre duyarl\u0131l\u0131\u011f\u0131n art\u0131r\u0131lmas\u0131, \u00e7evre kirlili\u011finin \u00f6nlenmesi ve \u00e7evrenin korunmas\u0131 i\u00e7in t\u00fcm ilgili taraflar\u0131n, \u00e7al\u0131\u015fanlar\u0131n ve toplumun bilgi seviyesinin art\u0131r\u0131lmas\u0131 y\u00f6n\u00fcndeki faaliyetlerin yan\u0131 s\u0131ra \u00e7evreyi, insan sa\u011fl\u0131\u011f\u0131n\u0131 ve g\u00fcvenli\u011fini tehdit etmeyen uygulamalar\u0131n kullan\u0131lmas\u0131 ve kulland\u0131r\u0131lmas\u0131,<\/p>\n<p>M\u00fc\u015fteri memnuniyet ve \u015fik\u00e2yetlerinin y\u00f6netiminde; etkin, ger\u00e7ek\u00e7i ve uygulanabilir \u00e7\u00f6z\u00fcmler sunulmas\u0131 i\u00e7in \u00e7al\u0131\u015f\u0131lmas\u0131, m\u00fc\u015fterilerimizin haklar\u0131n\u0131n korunmas\u0131, t\u00fcm \u015fik\u00e2yetlerin kay\u0131t alt\u0131na al\u0131nmas\u0131n\u0131 sa\u011flayarak, \u00e7\u00f6z\u00fcmlerin m\u00fc\u015fterilerimiz ile eksiksiz payla\u015f\u0131lmas\u0131 ve m\u00fc\u015fterimizin geri bildirimlerinin al\u0131nmas\u0131, do\u011frultusunda Entegre Y\u00f6netim Sisteminin performans\u0131n\u0131 s\u00fcrekli iyile\u015ftirmek i\u00e7in her t\u00fcrl\u00fc kayna\u011f\u0131 sa\u011flamay\u0131 taahh\u00fct ederiz.<\/p>\n\n\t\t<\/div>\n\t<\/div>\n<\/div><\/div><\/div><\/div>","protected":false},"excerpt":{"rendered":"Entegre Y\u00f6netim Sistemi Politikam\u0131z Entegre Y\u00f6netim Sistemimizin uyum ve gereklilikleri hakk\u0131nda \u00e7al\u0131\u015fanlar\u0131m\u0131z\u0131n ve t\u00fcm ilgili taraftar\u0131m\u0131z\u0131n fark\u0131ndal\u0131\u011f\u0131n\u0131n korunmas\u0131, sistemin geli\u015ftirilmesi ve iyile\u015ftirilmesi i\u00e7in kat\u0131l\u0131mlar\u0131n\u0131n sa\u011flanmas\u0131, \u201cIslak Mendil \u00dcretimi\u201d kapsam\u0131 d\u00e2hilinde \u015firketimizi ba\u011flay\u0131c\u0131 t\u00fcm \u00e7al\u0131\u015fanlar\u0131m\u0131z\u0131n, ilgili taraftar\u0131m\u0131z\u0131n ve i\u015f ortaklar\u0131m\u0131z\u0131n ihtiya\u00e7 ve beklentilerinin ve uyum y\u00fck\u00fcml\u00fcl\u00fcklerinin belirlenmesi, \u00c7al\u0131\u015fmalar\u0131m\u0131z\u0131n birincil ve ikincil mevzuat \u015fartlar\u0131na, yasa, y\u00f6netmelik, ulusal [...]","protected":false},"author":1,"featured_media":0,"parent":0,"menu_order":0,"comment_status":"closed","ping_status":"closed","template":"","meta":{"footnotes":""},"class_list":["post-22267","page","type-page","status-publish","hentry"],"yoast_head":"<!-- This site is optimized with the Yoast SEO plugin v21.7 - https:\/\/yoast.com\/wordpress\/plugins\/seo\/ -->\n<title>Entegre Y\u00f6netim Sistemi - G&uuml;lseli Temizlik &Uuml;r&uuml;nleri A.\u015e.<\/title>\n<meta name=\"robots\" content=\"index, follow, max-snippet:-1, max-image-preview:large, max-video-preview:-1\" \/>\n<link rel=\"canonical\" href=\"https:\/\/www.gulseli.com.tr\/en\/entegre-yonetim-sistemi\/\" \/>\n<meta property=\"og:locale\" content=\"en_US\" \/>\n<meta property=\"og:type\" content=\"article\" \/>\n<meta property=\"og:title\" content=\"Entegre Y\u00f6netim Sistemi - G&uuml;lseli Temizlik &Uuml;r&uuml;nleri A.\u015e.\" \/>\n<meta property=\"og:url\" content=\"https:\/\/www.gulseli.com.tr\/en\/entegre-yonetim-sistemi\/\" \/>\n<meta property=\"og:site_name\" content=\"G&uuml;lseli Temizlik &Uuml;r&uuml;nleri A.\u015e.\" \/>\n<meta property=\"article:modified_time\" content=\"2023-06-07T12:45:15+00:00\" \/>\n<meta name=\"twitter:card\" content=\"summary_large_image\" \/>\n<meta name=\"twitter:label1\" content=\"Est. reading time\" \/>\n\t<meta name=\"twitter:data1\" content=\"2 minutes\" \/>\n<script type=\"application\/ld+json\" class=\"yoast-schema-graph\">{\"@context\":\"https:\/\/schema.org\",\"@graph\":[{\"@type\":\"WebPage\",\"@id\":\"https:\/\/www.gulseli.com.tr\/entegre-yonetim-sistemi\/\",\"url\":\"https:\/\/www.gulseli.com.tr\/entegre-yonetim-sistemi\/\",\"name\":\"Entegre Y\u00f6netim Sistemi - G&uuml;lseli Temizlik &Uuml;r&uuml;nleri A.\u015e.\",\"isPartOf\":{\"@id\":\"https:\/\/www.gulseli.com.tr\/#website\"},\"datePublished\":\"2022-02-18T09:58:43+00:00\",\"dateModified\":\"2023-06-07T12:45:15+00:00\",\"breadcrumb\":{\"@id\":\"https:\/\/www.gulseli.com.tr\/entegre-yonetim-sistemi\/#breadcrumb\"},\"inLanguage\":\"en-US\",\"potentialAction\":[{\"@type\":\"ReadAction\",\"target\":[\"https:\/\/www.gulseli.com.tr\/entegre-yonetim-sistemi\/\"]}]},{\"@type\":\"BreadcrumbList\",\"@id\":\"https:\/\/www.gulseli.com.tr\/entegre-yonetim-sistemi\/#breadcrumb\",\"itemListElement\":[{\"@type\":\"ListItem\",\"position\":1,\"name\":\"Ana sayfa\",\"item\":\"https:\/\/www.gulseli.com.tr\/\"},{\"@type\":\"ListItem\",\"position\":2,\"name\":\"Entegre Y\u00f6netim Sistemi\"}]},{\"@type\":\"WebSite\",\"@id\":\"https:\/\/www.gulseli.com.tr\/#website\",\"url\":\"https:\/\/www.gulseli.com.tr\/\",\"name\":\"G\u00fclseli Temizlik \u00dcr\u00fcnleri A.\u015e\",\"description\":\"\",\"publisher\":{\"@id\":\"https:\/\/www.gulseli.com.tr\/#organization\"},\"potentialAction\":[{\"@type\":\"SearchAction\",\"target\":{\"@type\":\"EntryPoint\",\"urlTemplate\":\"https:\/\/www.gulseli.com.tr\/?s={search_term_string}\"},\"query-input\":\"required name=search_term_string\"}],\"inLanguage\":\"en-US\"},{\"@type\":\"Organization\",\"@id\":\"https:\/\/www.gulseli.com.tr\/#organization\",\"name\":\"G\u00fclseli Temizlik \u00dcr\u00fcnleri A.\u015e\",\"url\":\"https:\/\/www.gulseli.com.tr\/\",\"logo\":{\"@type\":\"ImageObject\",\"inLanguage\":\"en-US\",\"@id\":\"https:\/\/www.gulseli.com.tr\/#\/schema\/logo\/image\/\",\"url\":\"https:\/\/www.gulseli.com.tr\/wp-content\/uploads\/2021\/01\/WhatsApp-Image-2020-11-30-at-12.23.22.jpeg\",\"contentUrl\":\"https:\/\/www.gulseli.com.tr\/wp-content\/uploads\/2021\/01\/WhatsApp-Image-2020-11-30-at-12.23.22.jpeg\",\"width\":916,\"height\":521,\"caption\":\"G\u00fclseli Temizlik \u00dcr\u00fcnleri A.\u015e\"},\"image\":{\"@id\":\"https:\/\/www.gulseli.com.tr\/#\/schema\/logo\/image\/\"},\"sameAs\":[\"https:\/\/www.linkedin.com\/company\/g\u00fclseli-temizlik-\u00fcr\u00fcnleri-san-ve-tic-a-\u015f\/?viewAsMember=true\"]}]}<\/script>\n<!-- \/ Yoast SEO plugin. -->","yoast_head_json":{"title":"Entegre Y\u00f6netim Sistemi - G&uuml;lseli Temizlik &Uuml;r&uuml;nleri A.\u015e.","robots":{"index":"index","follow":"follow","max-snippet":"max-snippet:-1","max-image-preview":"max-image-preview:large","max-video-preview":"max-video-preview:-1"},"canonical":"https:\/\/www.gulseli.com.tr\/en\/entegre-yonetim-sistemi\/","og_locale":"en_US","og_type":"article","og_title":"Entegre Y\u00f6netim Sistemi - G&uuml;lseli Temizlik &Uuml;r&uuml;nleri A.\u015e.","og_url":"https:\/\/www.gulseli.com.tr\/en\/entegre-yonetim-sistemi\/","og_site_name":"G&uuml;lseli Temizlik &Uuml;r&uuml;nleri A.\u015e.","article_modified_time":"2023-06-07T12:45:15+00:00","twitter_card":"summary_large_image","twitter_misc":{"Est. reading time":"2 minutes"},"schema":{"@context":"https:\/\/schema.org","@graph":[{"@type":"WebPage","@id":"https:\/\/www.gulseli.com.tr\/entegre-yonetim-sistemi\/","url":"https:\/\/www.gulseli.com.tr\/entegre-yonetim-sistemi\/","name":"Entegre Y\u00f6netim Sistemi - G&uuml;lseli Temizlik &Uuml;r&uuml;nleri A.\u015e.","isPartOf":{"@id":"https:\/\/www.gulseli.com.tr\/#website"},"datePublished":"2022-02-18T09:58:43+00:00","dateModified":"2023-06-07T12:45:15+00:00","breadcrumb":{"@id":"https:\/\/www.gulseli.com.tr\/entegre-yonetim-sistemi\/#breadcrumb"},"inLanguage":"en-US","potentialAction":[{"@type":"ReadAction","target":["https:\/\/www.gulseli.com.tr\/entegre-yonetim-sistemi\/"]}]},{"@type":"BreadcrumbList","@id":"https:\/\/www.gulseli.com.tr\/entegre-yonetim-sistemi\/#breadcrumb","itemListElement":[{"@type":"ListItem","position":1,"name":"Ana sayfa","item":"https:\/\/www.gulseli.com.tr\/"},{"@type":"ListItem","position":2,"name":"Entegre Y\u00f6netim Sistemi"}]},{"@type":"WebSite","@id":"https:\/\/www.gulseli.com.tr\/#website","url":"https:\/\/www.gulseli.com.tr\/","name":"G\u00fclseli Temizlik \u00dcr\u00fcnleri A.\u015e","description":"","publisher":{"@id":"https:\/\/www.gulseli.com.tr\/#organization"},"potentialAction":[{"@type":"SearchAction","target":{"@type":"EntryPoint","urlTemplate":"https:\/\/www.gulseli.com.tr\/?s={search_term_string}"},"query-input":"required name=search_term_string"}],"inLanguage":"en-US"},{"@type":"Organization","@id":"https:\/\/www.gulseli.com.tr\/#organization","name":"G\u00fclseli Temizlik \u00dcr\u00fcnleri A.\u015e","url":"https:\/\/www.gulseli.com.tr\/","logo":{"@type":"ImageObject","inLanguage":"en-US","@id":"https:\/\/www.gulseli.com.tr\/#\/schema\/logo\/image\/","url":"https:\/\/www.gulseli.com.tr\/wp-content\/uploads\/2021\/01\/WhatsApp-Image-2020-11-30-at-12.23.22.jpeg","contentUrl":"https:\/\/www.gulseli.com.tr\/wp-content\/uploads\/2021\/01\/WhatsApp-Image-2020-11-30-at-12.23.22.jpeg","width":916,"height":521,"caption":"G\u00fclseli Temizlik \u00dcr\u00fcnleri A.\u015e"},"image":{"@id":"https:\/\/www.gulseli.com.tr\/#\/schema\/logo\/image\/"},"sameAs":["https:\/\/www.linkedin.com\/company\/g\u00fclseli-temizlik-\u00fcr\u00fcnleri-san-ve-tic-a-\u015f\/?viewAsMember=true"]}]}},"_links":{"self":[{"href":"https:\/\/www.gulseli.com.tr\/en\/wp-json\/wp\/v2\/pages\/22267","targetHints":{"allow":["GET"]}}],"collection":[{"href":"https:\/\/www.gulseli.com.tr\/en\/wp-json\/wp\/v2\/pages"}],"about":[{"href":"https:\/\/www.gulseli.com.tr\/en\/wp-json\/wp\/v2\/types\/page"}],"author":[{"embeddable":true,"href":"https:\/\/www.gulseli.com.tr\/en\/wp-json\/wp\/v2\/users\/1"}],"replies":[{"embeddable":true,"href":"https:\/\/www.gulseli.com.tr\/en\/wp-json\/wp\/v2\/comments?post=22267"}],"version-history":[{"count":7,"href":"https:\/\/www.gulseli.com.tr\/en\/wp-json\/wp\/v2\/pages\/22267\/revisions"}],"predecessor-version":[{"id":22349,"href":"https:\/\/www.gulseli.com.tr\/en\/wp-json\/wp\/v2\/pages\/22267\/revisions\/22349"}],"wp:attachment":[{"href":"https:\/\/www.gulseli.com.tr\/en\/wp-json\/wp\/v2\/media?parent=22267"}],"curies":[{"name":"wp","href":"https:\/\/api.w.org\/{rel}","templated":true}]}}